{"id":571,"date":"2026-02-03T16:21:38","date_gmt":"2026-02-03T15:21:38","guid":{"rendered":"http:\/\/localhost:8080\/?page_id=571"},"modified":"2026-02-09T19:22:34","modified_gmt":"2026-02-09T18:22:34","slug":"diarios-de-contemplacion-2","status":"publish","type":"page","link":"https:\/\/www.artcalypso.com\/?page_id=571","title":{"rendered":"Diarios de Contemplaci\u00f3n"},"content":{"rendered":"\n<div class=\"wp-block-stackable-text stk-block-text stk-block stk-33c7620\" data-block-id=\"33c7620\"><style>.stk-33c7620 {margin-top:var(--stk--preset--spacing--none, 0px) !important;}<\/style><p class=\"stk-block-text__text\"><\/p><\/div>\n\n\n\n<div class=\"wp-block-media-text alignfull has-media-on-the-right is-stacked-on-mobile is-vertically-aligned-center is-style-default\" style=\"border-top-left-radius:0px;border-top-right-radius:0px;border-bottom-left-radius:0px;border-bottom-right-radius:0px;grid-template-columns:auto 37%\"><div class=\"wp-block-media-text__content\">\n<div class=\"wp-block-stackable-text stk-block-text stk-block stk-67bd317\" data-block-id=\"67bd317\"><style>.stk-67bd317 {min-height:var(--stk--preset--block-height--none, 0px) !important;margin-top:3px !important;margin-bottom:37px !important;}.stk-67bd317 .stk-block-text__text{font-size:46px !important;font-family:\"Homemade Apple\", Sans-serif !important;}@media screen and (max-width:999px){.stk-67bd317 .stk-block-text__text{font-size:46px !important;}}<\/style><p class=\"stk-block-text__text\">Diarios de Contemplaci\u00f3n<\/p><\/div>\n\n\n\n<p class=\"has-text-color\" style=\"color:#636363;font-size:clamp(14.642px, 0.915rem + ((1vw - 3.2px) * 0.575), 22px);line-height:1.4\">La ninfa <strong>Calypso <\/strong>viv\u00eda en Ogigia, una isla del Mediterr\u00e1neo a la que lleg\u00f3 <strong>Ulises <\/strong>durante su viaje de retorno a \u00cdtaca, una vez termin\u00f3 la guerra de Troya. Calypso, cuyo nombre significa \u00ab<strong>la que oculta<\/strong>\u00ab, se enamor\u00f3 del \u00ab<strong>astuto<\/strong>\u00bb guerrero y le mantuvo cautivo en aquella isla durante varios a\u00f1os. Se dice que la ninfa viv\u00eda en una <strong>bella y profunda gruta<\/strong>, cuya evocadora imagen me gustar\u00eda que nos acompa\u00f1ara en estos <strong>diarios<\/strong>.<\/p>\n\n\n\n<p class=\"has-text-color\" style=\"color:#636363;font-size:clamp(14.642px, 0.915rem + ((1vw - 3.2px) * 0.575), 22px);line-height:1.4\">Espero que este espacio personal y profesional sea como esa gruta profunda y llena de detalles, una <strong>isla m\u00e1gica<\/strong> que muestra al mismo tiempo los placeres y los peligros de la vida y que, como el arte, quiz\u00e1 recorri\u00e9ndola, podamos tambi\u00e9n <strong>(re)conocernos<\/strong> a nosotros mismos como en aquel viaje hom\u00e9rico, ese viaje hacia nuestra propia <strong>\u00cdtaca particular<\/strong> que hacemos cada uno de nosotros.<\/p>\n\n\n\n<p class=\"has-text-color\" style=\"color:#636363;font-size:clamp(14.642px, 0.915rem + ((1vw - 3.2px) * 0.575), 22px);line-height:1.4\">La idea de la gruta nos permite pensar este espacio como un <strong>umbral <\/strong>en el que, como ocurr\u00eda en la isla de Calypso, el tiempo parece detenerse, un umbral desde el que asomarnos a un <strong>espacio simb\u00f3lico<\/strong> que iremos creando d\u00eda a d\u00eda para, como viajeros que somos, tengamos tiempo de deternos, perdernos, mirar aquello que muchas veces pasa desapercibido, <strong>contemplar <\/strong>y, despu\u00e9s, reencontrarnos. <\/p>\n\n\n\n<p class=\"has-text-color\" style=\"color:#636363;font-size:clamp(14.642px, 0.915rem + ((1vw - 3.2px) * 0.575), 22px);line-height:1.4\">Espero que todo aquel que entre, lea, contemple y recorra estos <strong>diarios<\/strong>, pueda llevarse a su \u00cdtaca particular matices nuevos que le sirvan para su camino de regreso.<\/p>\n<\/div><figure class=\"wp-block-media-text__media\"><img loading=\"lazy\" decoding=\"async\" width=\"823\" height=\"1024\" src=\"http:\/\/localhost:8080\/wp-content\/uploads\/2026\/02\/Hitchcock_George_-_Calypso_-_Google_Art_Project-copia-1-823x1024.jpg\" alt=\"\" class=\"wp-image-375 size-full\" srcset=\"https:\/\/www.artcalypso.com\/wp-content\/uploads\/2026\/02\/Hitchcock_George_-_Calypso_-_Google_Art_Project-copia-1-823x1024.jpg 823w, https:\/\/www.artcalypso.com\/wp-content\/uploads\/2026\/02\/Hitchcock_George_-_Calypso_-_Google_Art_Project-copia-1-241x300.jpg 241w, https:\/\/www.artcalypso.com\/wp-content\/uploads\/2026\/02\/Hitchcock_George_-_Calypso_-_Google_Art_Project-copia-1-768x956.jpg 768w, https:\/\/www.artcalypso.com\/wp-content\/uploads\/2026\/02\/Hitchcock_George_-_Calypso_-_Google_Art_Project-copia-1-1234x1536.jpg 1234w, https:\/\/www.artcalypso.com\/wp-content\/uploads\/2026\/02\/Hitchcock_George_-_Calypso_-_Google_Art_Project-copia-1-1645x2048.jpg 1645w\" sizes=\"auto, (max-width: 823px) 100vw, 823px\" \/><\/figure><\/div>\n\n\n\n<div class=\"wp-block-stackable-posts alignfull stk-block-posts has-text-align-left has-text-align-left-mobile stk-block stk-af246be stk-block-background is-style-list\" data-v=\"2\" data-block-id=\"af246be\"><style>.stk-af246be {--stk-columns:2 !important;--stk-column-gap:12px !important;background-color:#fffffe !important;border-top-left-radius:var(--stk--preset--border-radius--none, 0px) !important;border-top-right-radius:var(--stk--preset--border-radius--none, 0px) !important;border-bottom-right-radius:var(--stk--preset--border-radius--none, 0px) !important;border-bottom-left-radius:var(--stk--preset--border-radius--none, 0px) !important;overflow:hidden !important;box-shadow:none !important;min-height:var(--stk--preset--block-height--none, 0px) !important;max-width:1500px !important;min-width:auto !important;padding-top:var(--stk--preset--spacing--none, 0px) !important;padding-right:var(--stk--preset--spacing--none, 0px) !important;padding-bottom:var(--stk--preset--spacing--none, 0px) !important;padding-left:var(--stk--preset--spacing--none, 0px) !important;margin-top:var(--stk--preset--spacing--40, 1rem) !important;margin-right:auto !important;margin-left:auto !important;}.stk-af246be-container .stk-block-posts__image-link{margin-bottom:12px !important;}.stk-af246be .stk-block-posts__title{margin-bottom:20px !important;}.stk-af246be .stk-block-posts__category{margin-bottom:15px !important;}.stk-af246be .stk-block-posts__excerpt{margin-bottom:65px !important;}.stk-af246be .stk-block-posts__meta{margin-bottom:5px !important;}.stk-af246be .stk-block-posts__readmore{margin-bottom:23px !important;font-size:22px !important;color:var(--theme-palette-color-9, #A83E4E) !important;line-height:1.3em !important;font-family:\"Homemade Apple\", Sans-serif !important;}.stk-af246be .stk-container-padding{width:46% !important;}.stk-af246be:before{background-color:#fffffe !important;}.stk-af246be-container{min-height:var(--stk--preset--block-height--none, 0px) !important;max-width:1500px !important;min-width:auto !important;}.stk-af246be .stk-img-wrapper{width:54% !important;height:322px !important;filter:drop-shadow(inset 10px 37px 45px #ccc5b5) !important;}.stk-af246be .stk-img-wrapper img{transform:scale(0.94) !important;border-radius:0px !important;object-position:55.00000000000001% 50% !important;}.stk-af246be .stk-block-posts__title a{font-size:24px !important;}.stk-af246be .stk-block-posts__excerpt p{font-size:18px !important;color:#0f0e17 !important;}.stk-af246be .stk-block-posts__items{row-gap:0px !important;}@media screen and (max-width:999px){.stk-af246be {--stk-columns:1 !important;position:absolute !important;}.stk-af246be-container{min-height:var(--stk--preset--block-height--none, 0px) !important;max-width:1500px !important;min-width:auto !important;}.stk-af246be .stk-block-posts__title a{font-size:24px !important;}.stk-af246be .stk-block-posts__excerpt p{font-size:18px !important;}.stk-af246be .stk-block-posts__readmore{font-size:22px !important;}}@media screen and (max-width:689px){.stk-af246be {--stk-columns:1 !important;min-height:var(--stk--preset--block-height--none, 0px) !important;max-width:1500px !important;min-width:auto !important;padding-top:var(--stk--preset--spacing--none, 0px) !important;padding-right:var(--stk--preset--spacing--none, 0px) !important;padding-bottom:var(--stk--preset--spacing--none, 0px) !important;padding-left:var(--stk--preset--spacing--none, 0px) !important;position:sticky !important;}.stk-af246be-container{min-height:var(--stk--preset--block-height--small, 8rem) !important;padding-top:var(--stk--preset--spacing--none, 0px) !important;padding-right:var(--stk--preset--spacing--none, 0px) !important;padding-bottom:var(--stk--preset--spacing--none, 0px) !important;padding-left:var(--stk--preset--spacing--none, 0px) !important;}}<\/style><div class=\"stk-inner-blocks stk-content-align stk-af246be-column alignfull\"><div class=\"stk-block-posts__items\"><div class=\"stk-block-posts__item\"><div class=\"stk-container stk-af246be-container stk--no-background stk--no-padding\"><figure class=\"stk-img-wrapper stk-image--shape-stretch stk--shadow-inset 10px 37px 45px #ccc5b5\"><img loading=\"lazy\" decoding=\"async\" width=\"1881\" height=\"1234\" src=\"https:\/\/www.artcalypso.com\/wp-content\/uploads\/2026\/02\/20260102_154302919_iOS-copia.jpg\" class=\"attachment-full size-full wp-post-image\" alt=\"\" srcset=\"https:\/\/www.artcalypso.com\/wp-content\/uploads\/2026\/02\/20260102_154302919_iOS-copia.jpg 1881w, https:\/\/www.artcalypso.com\/wp-content\/uploads\/2026\/02\/20260102_154302919_iOS-copia-300x197.jpg 300w, https:\/\/www.artcalypso.com\/wp-content\/uploads\/2026\/02\/20260102_154302919_iOS-copia-1024x672.jpg 1024w, https:\/\/www.artcalypso.com\/wp-content\/uploads\/2026\/02\/20260102_154302919_iOS-copia-768x504.jpg 768w, https:\/\/www.artcalypso.com\/wp-content\/uploads\/2026\/02\/20260102_154302919_iOS-copia-1536x1008.jpg 1536w\" sizes=\"auto, (max-width: 1881px) 100vw, 1881px\" \/><\/figure><article class=\"stk-container-padding\"><h4 class=\"stk-block-posts__title has-text-align-left has-text-align-left-mobile\"><a href='https:\/\/www.artcalypso.com\/?p=524'>El arte como viaje de ida y vuelta a uno mismo<\/a><\/h4><div class=\"stk-block-posts__excerpt has-text-align-left has-text-color\"><p>Muchas veces es necesario perderse, perderse como una necesidad instintiva o como una necesidad autoimpuesta. Hay momentos&hellip;<\/p>\n<\/div><a class=\"stk-block-posts__readmore has-text-color\" href=\"https:\/\/www.artcalypso.com\/?p=524\"><strong>Seguir leyendo<\/strong> \u2192<\/a><\/article><\/div><\/div><\/div><div class=\"stk-inner-blocks\"><\/div><\/div><\/div>\n\n\n\n<div class=\"wp-block-stackable-text stk-block-text stk-block stk-9b3ef7f\" data-block-id=\"9b3ef7f\"><p class=\"stk-block-text__text\"><\/p><\/div>\n","protected":false},"excerpt":{"rendered":"<p>El arte como viaje de ida y vuelta a uno mismo Muchas veces es necesario perderse, perderse como una necesidad instintiva o como una necesidad autoimpuesta. Hay momentos&hellip; Seguir leyendo \u2192<\/p>\n","protected":false},"author":1,"featured_media":0,"parent":0,"menu_order":2,"comment_status":"closed","ping_status":"closed","template":"","meta":{"footnotes":""},"class_list":["post-571","page","type-page","status-publish","hentry"],"blocksy_meta":[],"_links":{"self":[{"href":"https:\/\/www.artcalypso.com\/index.php?rest_route=\/wp\/v2\/pages\/571","targetHints":{"allow":["GET"]}}],"collection":[{"href":"https:\/\/www.artcalypso.com\/index.php?rest_route=\/wp\/v2\/pages"}],"about":[{"href":"https:\/\/www.artcalypso.com\/index.php?rest_route=\/wp\/v2\/types\/page"}],"author":[{"embeddable":true,"href":"https:\/\/www.artcalypso.com\/index.php?rest_route=\/wp\/v2\/users\/1"}],"replies":[{"embeddable":true,"href":"https:\/\/www.artcalypso.com\/index.php?rest_route=%2Fwp%2Fv2%2Fcomments&post=571"}],"version-history":[{"count":35,"href":"https:\/\/www.artcalypso.com\/index.php?rest_route=\/wp\/v2\/pages\/571\/revisions"}],"predecessor-version":[{"id":698,"href":"https:\/\/www.artcalypso.com\/index.php?rest_route=\/wp\/v2\/pages\/571\/revisions\/698"}],"wp:attachment":[{"href":"https:\/\/www.artcalypso.com\/index.php?rest_route=%2Fwp%2Fv2%2Fmedia&parent=571"}],"curies":[{"name":"wp","href":"https:\/\/api.w.org\/{rel}","templated":true}]}}