{"id":8,"date":"2026-01-23T12:17:37","date_gmt":"2026-01-23T11:17:37","guid":{"rendered":"http:\/\/www.artcalypso.com\/?page_id=8"},"modified":"2026-02-09T19:18:20","modified_gmt":"2026-02-09T18:18:20","slug":"acerca-de","status":"publish","type":"page","link":"https:\/\/www.artcalypso.com\/?page_id=8","title":{"rendered":"Sobre m\u00ed"},"content":{"rendered":"\n<div class=\"wp-block-group is-nowrap is-layout-flex wp-container-core-group-is-layout-6c531013 wp-block-group-is-layout-flex\">\n<p class=\"has-drop-cap has-palette-color-4-color has-text-color has-link-color wp-elements-bf8bbb91db08a2df3bd6778c6810d5c5\" style=\"font-size:clamp(14.642px, 0.915rem + ((1vw - 3.2px) * 0.575), 22px);\">Como <strong>historiadora del arte<\/strong>, <strong>restauradora<\/strong> de bienes culturales especializada en pintura y <strong>doctora en Humanidades<\/strong>, mis intereses se mueven desde el estudio de la t\u00e9cnica pict\u00f3rica, sus procesos y la propia pr\u00e1ctica art\u00edstica personal que llevo desarrollando toda mi vida, a la investigaci\u00f3n m\u00e1s profunda y rigurosa. Soy una apasionada del Arte y de la creaci\u00f3n art\u00edstica y por ello <strong>ArtCalypso<\/strong> contiene estas dos facetas profesionales que tanto me definen.<\/p>\n<\/div>\n\n\n\n<p class=\"has-palette-color-4-color has-text-color has-link-color wp-elements-e850adfb447d02caa9fe4c074c54ab1f\" style=\"font-size:clamp(14.642px, 0.915rem + ((1vw - 3.2px) * 0.575), 22px);\">Me he formado en instituciones como la <strong>Universidad Aut\u00f3noma de Madrid<\/strong>, la <strong>ESCRBC de Madrid<\/strong> y la <strong>Universitat Pompeu Fabra<\/strong>, he disfrutado de diferentes estancias y pr\u00e1cticas en museos como el <strong>Museo del Prado<\/strong> y la <strong>Fundaci\u00f3n Gala-Salvador Dal\u00ed <\/strong>y he trabajado para instituciones culturales como el Instituto de la Juventud de Espa\u00f1a (<strong>INJUVE<\/strong>) y la galer\u00eda y residencia de artistas <strong>Piramid\u00f3n. Centre d&#8217;Art Contemporani<\/strong>, adem\u00e1s de tener experiencia como profesora de pintura y dibujo.<\/p>\n\n\n\n<p class=\"has-palette-color-4-color has-text-color has-link-color wp-elements-3e55b7eb4a968cb5b9314ec08e348d56\" style=\"font-size:clamp(14.642px, 0.915rem + ((1vw - 3.2px) * 0.575), 22px);\">Soy una profesional con un firme <strong>enfoque multidisciplinar<\/strong>. Desde la formaci\u00f3n m\u00e1s te\u00f3rica a la m\u00e1s pr\u00e1ctica, he podido hacer todo un recorrido acad\u00e9mico que me ha acercado al origen y esencia de la creaci\u00f3n art\u00edstica, teniendo siempre una gran importancia el aspecto cr\u00edtico que me ha permitido complementar cada una de mis experiencias personales y profesionales.<\/p>\n\n\n\n<p class=\"has-palette-color-4-color has-text-color has-link-color wp-elements-8d7aa5dba3506024f78feee92e34c527\" style=\"font-size:clamp(14.642px, 0.915rem + ((1vw - 3.2px) * 0.575), 22px);\">El \u00e1mbito de la <strong>investigaci\u00f3n <\/strong>y el aprendizaje cont\u00ednuo es el medio en el que m\u00e1s c\u00f3moda me encuentro, d\u00e1ndole forma y sentido a trav\u00e9s de la comunicaci\u00f3n y publicaci\u00f3n de mi trabajo. Mi objetivo es poder colaborar con <strong>museos<\/strong>, <strong>instituciones culturales <\/strong>y <strong>publicaciones <\/strong>donde mi aporte y visi\u00f3n puedan resultar enriquecedoras para mostrar que el <strong>Arte <\/strong>y la reflexi\u00f3n que surge de \u00e9l y sobre \u00e9l, no es s\u00f3lo necesaria en nuestra sociedad, sino esencial y acuciante en los tiempos que vivimos.<\/p>\n\n\n\n<p class=\"has-palette-color-4-color has-text-color has-link-color wp-elements-b03de3e14d0cd23d254950773a4e4b12\" style=\"font-size:clamp(14.642px, 0.915rem + ((1vw - 3.2px) * 0.575), 22px);\">Esta Web y, principalmente, mi blog <strong><a href=\"https:\/\/www.artcalypso.com\/?page_id=571\" data-type=\"page\" data-id=\"175\"><span style=\"color: #a83e4e;\" class=\"stk-highlight\">Diarios de Contemplaci\u00f3n<\/span><\/a><\/strong>, aspira a ser ese espacio en el que compartir mis publicaciones, art\u00edculos y reflexiones sobre <strong>Arte<\/strong> y sobre cuestiones que rodean nuestra vida que creo va ligada a lo art\u00edstico de forma indisoluble. Esa actitud contemplativa que planteo es la de una mirada sosegada, reflexiva y profunda que ser\u00e1 mi principal objetivo y aportaci\u00f3n.<\/p>\n\n\n\n<p class=\"has-black-color has-text-color has-link-color wp-elements-88e30354abbdf92be3b210d6cc25a172\" style=\"font-size:clamp(14.642px, 0.915rem + ((1vw - 3.2px) * 0.575), 22px);\">Ir\u00e9 mostrando los trabajos que he realizado y los que contin\u00fao llevando a cabo en <strong><a href=\"https:\/\/www.artcalypso.com\/?page_id=171\" data-type=\"page\" data-id=\"171\" target=\"_blank\" rel=\"noreferrer noopener\"><span style=\"color: #a83e4e;\" class=\"stk-highlight\">Pintura y encargos<\/span><\/a><\/strong>. Para cualquier cuesti\u00f3n pod\u00e9is escribirme desde el apartado de <a href=\"https:\/\/www.artcalypso.com\/?page_id=9\" data-type=\"page\" data-id=\"9\" target=\"_blank\" rel=\"noreferrer noopener\"><span style=\"color: #a83e4e;\" class=\"stk-highlight\"><strong>Contacto<\/strong><\/span><\/a>, estar\u00e9 encantada de leeros. Os animo a visitar mis cuentas de <strong>Instagram <\/strong>donde tambi\u00e9n ir\u00e9 compartiendo mi contenido, as\u00ed como mi perfil profesional en <strong>Linkedin<\/strong>.<\/p>\n\n\n<div class=\"ct-block-wrapper\">\n<div class=\"ct-socials-block\" style=\"--theme-icon-color:#a83e4e;--theme-icon-hover-color:var(--wp--preset--color--palette-color-5);--background-color:var(--wp--preset--color--palette-color-6);--background-hover-color:#f5ecd7;--theme-icon-size:33px;--items-spacing:50px;\">\n\t\t<div class=\"ct-social-box\" data-color=\"default\" data-icons-type=\"rounded:solid\" style=\"\" >\n\t\t\t\n\t\t\t\n\t\t\t\t\t\t\t\n\t\t\t\t<a href=\"https:\/\/www.linkedin.com\/in\/esther-%C3%A1lvarez-herrero-b4294354\/\" data-network=\"linkedin\" aria-label=\"LinkedIn\" target=\"_blank\" rel=\"noopener noreferrer\">\n\t\t\t\t\t<span class=\"ct-icon-container\">\n\t\t\t\t\t<svg\n\t\t\t\t\twidth=\"20px\"\n\t\t\t\t\theight=\"20px\"\n\t\t\t\t\tviewBox=\"0 0 20 20\"\n\t\t\t\t\taria-hidden=\"true\">\n\t\t\t\t\t\t<path d=\"M18.6,0H1.4C0.6,0,0,0.6,0,1.4v17.1C0,19.4,0.6,20,1.4,20h17.1c0.8,0,1.4-0.6,1.4-1.4V1.4C20,0.6,19.4,0,18.6,0z M6,17.1h-3V7.6h3L6,17.1L6,17.1zM4.6,6.3c-1,0-1.7-0.8-1.7-1.7s0.8-1.7,1.7-1.7c0.9,0,1.7,0.8,1.7,1.7C6.3,5.5,5.5,6.3,4.6,6.3z M17.2,17.1h-3v-4.6c0-1.1,0-2.5-1.5-2.5c-1.5,0-1.8,1.2-1.8,2.5v4.7h-3V7.6h2.8v1.3h0c0.4-0.8,1.4-1.5,2.8-1.5c3,0,3.6,2,3.6,4.5V17.1z\"\/>\n\t\t\t\t\t<\/svg>\n\t\t\t\t<\/span>\t\t\t\t<\/a>\n\t\t\t\n\t\t\t\n\t\t\t\t\t<\/div>\n\n\t<\/div>\n<\/div>","protected":false},"excerpt":{"rendered":"<p>Como historiadora del arte, restauradora de bienes culturales especializada en pintura y doctora en Humanidades, mis intereses se mueven desde el estudio de la t\u00e9cnica pict\u00f3rica, sus procesos y la propia pr\u00e1ctica art\u00edstica personal que llevo desarrollando toda mi vida, a la investigaci\u00f3n m\u00e1s profunda y rigurosa. Soy una apasionada del Arte y de la [&hellip;]<\/p>\n","protected":false},"author":1,"featured_media":178,"parent":0,"menu_order":4,"comment_status":"closed","ping_status":"closed","template":"","meta":{"footnotes":""},"class_list":["post-8","page","type-page","status-publish","has-post-thumbnail","hentry"],"blocksy_meta":[],"_links":{"self":[{"href":"https:\/\/www.artcalypso.com\/index.php?rest_route=\/wp\/v2\/pages\/8","targetHints":{"allow":["GET"]}}],"collection":[{"href":"https:\/\/www.artcalypso.com\/index.php?rest_route=\/wp\/v2\/pages"}],"about":[{"href":"https:\/\/www.artcalypso.com\/index.php?rest_route=\/wp\/v2\/types\/page"}],"author":[{"embeddable":true,"href":"https:\/\/www.artcalypso.com\/index.php?rest_route=\/wp\/v2\/users\/1"}],"replies":[{"embeddable":true,"href":"https:\/\/www.artcalypso.com\/index.php?rest_route=%2Fwp%2Fv2%2Fcomments&post=8"}],"version-history":[{"count":40,"href":"https:\/\/www.artcalypso.com\/index.php?rest_route=\/wp\/v2\/pages\/8\/revisions"}],"predecessor-version":[{"id":695,"href":"https:\/\/www.artcalypso.com\/index.php?rest_route=\/wp\/v2\/pages\/8\/revisions\/695"}],"wp:featuredmedia":[{"embeddable":true,"href":"https:\/\/www.artcalypso.com\/index.php?rest_route=\/wp\/v2\/media\/178"}],"wp:attachment":[{"href":"https:\/\/www.artcalypso.com\/index.php?rest_route=%2Fwp%2Fv2%2Fmedia&parent=8"}],"curies":[{"name":"wp","href":"https:\/\/api.w.org\/{rel}","templated":true}]}}